{"id":75886,"date":"2024-03-04T16:25:05","date_gmt":"2024-03-04T16:25:05","guid":{"rendered":"https:\/\/www.rejoice.cyou\/?page_id=75886"},"modified":"2025-11-26T20:37:38","modified_gmt":"2025-11-26T18:37:38","slug":"faqs","status":"publish","type":"page","link":"https:\/\/www.rejoice.cyou\/de\/faqs\/","title":{"rendered":"FAQ"},"content":{"rendered":"<div data-elementor-type=\"wp-page\" data-elementor-id=\"75886\" class=\"elementor elementor-75886\" data-elementor-post-type=\"page\">\n\t\t\t\t\t\t<section data-particle_enable=\"false\" data-particle-mobile-disabled=\"false\" data-parallax-section-settings=\"{&quot;parallax_ratio&quot;:0.40000000000000002220446049250313080847263336181640625,&quot;parallax&quot;:&quot;parallax&quot;}\" data-scroll-to-down-settings=\"{&quot;scroll_to_down&quot;:&quot;yes&quot;,&quot;scroll_style_types&quot;:&quot;scroll-down-type-2&quot;,&quot;scroll_target_id&quot;:&quot;#about&quot;,&quot;scroll_text_separator&quot;:&quot;yes&quot;,&quot;scroll_text&quot;:&quot;scroll&quot;,&quot;scroll_custom_image&quot;:&quot;&quot;,&quot;scroll_icon&quot;:&quot;&quot;}\" class=\"elementor-section elementor-top-section elementor-element elementor-element-8d6ed38 elementor-section-boxed elementor-section-height-default elementor-section-height-default\" data-id=\"8d6ed38\" data-element_type=\"section\" data-settings=\"{&quot;background_background&quot;:&quot;classic&quot;}\">\n\t\t\t\t\t\t\t<div class=\"elementor-background-overlay\"><\/div>\n\t\t\t\t\t\t\t<div class=\"elementor-container elementor-column-gap-default\">\n\t\t\t\t\t<div class=\"full-screen elementor-column elementor-col-50 elementor-top-column elementor-element elementor-element-1075e4c\" data-fullscreen-column-settings=\"{&quot;fullscreen&quot;:&quot;yes&quot;}\" data-id=\"1075e4c\" data-element_type=\"column\">\n\t\t\t<div class=\"elementor-widget-wrap elementor-element-populated\">\n\t\t\t\t\t\t<div class=\"elementor-element elementor-element-fc73b62 elementor-widget-tablet__width-initial elementor-widget-mobile__width-initial elementor-widget elementor-widget-litho-heading\" data-id=\"fc73b62\" data-element_type=\"widget\" data-widget_type=\"litho-heading.default\">\n\t\t\t\t<div class=\"elementor-widget-container\">\n\t\t\t\t\t<h5 class=\"litho-heading elementor-size-default\"><span class=\"litho-primary-title\">FAQ<\/span><\/h5>\t\t\t\t<\/div>\n\t\t\t\t<\/div>\n\t\t\t\t<div class=\"elementor-element elementor-element-c73d74a elementor-widget-tablet__width-initial elementor-widget-mobile__width-initial elementor-widget elementor-widget-litho-heading\" data-id=\"c73d74a\" data-element_type=\"widget\" data-widget_type=\"litho-heading.default\">\n\t\t\t\t<div class=\"elementor-widget-container\">\n\t\t\t\t\t<h5 class=\"litho-heading elementor-size-default\"><span class=\"litho-primary-title\">H\u00e4ufig gestellte Fragen<\/span><\/h5>\t\t\t\t<\/div>\n\t\t\t\t<\/div>\n\t\t\t\t\t<\/div>\n\t\t<\/div>\n\t\t\t\t<div class=\"elementor-column elementor-col-50 elementor-top-column elementor-element elementor-element-9d17f8e elementor-hidden-phone\" data-fullscreen-column-settings=\"{&quot;fullscreen&quot;:&quot;&quot;}\" data-id=\"9d17f8e\" data-element_type=\"column\">\n\t\t\t<div class=\"elementor-widget-wrap\">\n\t\t\t\t\t\t\t<\/div>\n\t\t<\/div>\n\t\t\t\t\t<\/div>\n\t\t<\/section>\n\t\t\t\t<section data-particle_enable=\"false\" data-particle-mobile-disabled=\"false\" class=\"elementor-section elementor-top-section elementor-element elementor-element-3b6f288 elementor-section-full_width elementor-section-height-default elementor-section-height-default\" data-id=\"3b6f288\" data-element_type=\"section\" data-settings=\"{&quot;background_background&quot;:&quot;classic&quot;}\">\n\t\t\t\t\t\t<div class=\"elementor-container elementor-column-gap-default\">\n\t\t\t\t\t<div class=\"elementor-column elementor-col-100 elementor-top-column elementor-element elementor-element-54269ab\" data-fullscreen-column-settings=\"{&quot;fullscreen&quot;:&quot;&quot;}\" data-id=\"54269ab\" data-element_type=\"column\">\n\t\t\t<div class=\"elementor-widget-wrap elementor-element-populated\">\n\t\t\t\t\t\t<section data-particle_enable=\"false\" data-particle-mobile-disabled=\"false\" class=\"elementor-section elementor-inner-section elementor-element elementor-element-7092d39 elementor-section-boxed elementor-section-height-default elementor-section-height-default\" data-id=\"7092d39\" data-element_type=\"section\">\n\t\t\t\t\t\t<div class=\"elementor-container elementor-column-gap-default\">\n\t\t\t\t\t<div class=\"elementor-column elementor-col-50 elementor-inner-column elementor-element elementor-element-491972a elementor-invisible\" data-fullscreen-column-settings=\"{&quot;fullscreen&quot;:&quot;&quot;}\" data-id=\"491972a\" data-element_type=\"column\" data-settings=\"{&quot;animation&quot;:&quot;fadeIn&quot;}\">\n\t\t\t<div class=\"elementor-widget-wrap elementor-element-populated\">\n\t\t\t\t\t\t<div class=\"elementor-element elementor-element-4f98c8e elementor-default-active-yes elementor-widget elementor-widget-litho-accordion\" data-id=\"4f98c8e\" data-element_type=\"widget\" data-settings=\"{&quot;litho_accordion_style&quot;:&quot;accordion-style-1&quot;}\" data-widget_type=\"litho-accordion.default\">\n\t\t\t\t<div class=\"elementor-widget-container\">\n\t\t\t\t\t<div class=\"elementor-accordion accordion-style-1\" role=\"tablist\"><div class=\"elementor-accordion-item\">\n\t\t\t\t\t\t\t<div id=\"elementor-accordion-title-834633101\" class=\"elementor-tab-title\" data-tab=\"1\" role=\"tab\" aria-controls=\"elementor-accordion-content-834633101\" aria-expanded=\"false\">\t\t\t\t\t\t\t\t\t\t\t\t\t\t\t\t\t<span class=\"elementor-accordion-icon elementor-accordion-icon-right\" aria-hidden=\"true\">\t\t\t\t\t\t\t\t\t\t<span class=\"elementor-accordion-icon-closed\"><i class=\"fas fa-angle-right\"><\/i><\/span>\n\t\t\t\t\t\t\t\t\t\t<span class=\"elementor-accordion-icon-opened\"><i class=\"fas fa-angle-down\"><\/i><\/span><\/span><a href=\"#\">Wie lang dauert das Programm? <\/a><\/div><div id=\"elementor-accordion-content-834633101\" class=\"elementor-tab-content elementor-clearfix\" data-tab=\"1\" role=\"tabpanel\" aria-labelledby=\"elementor-accordion-title-834633101\">\n\t\t\t\t\t\t\t\t<div class=\"panel-tab-content\"><p>Das Programm dauert 10 Monate, jedes Kalenderjahr von Mitte Oktober bis Mitte August.<\/p><\/div>\n\t\t\t\t\t\t\t<\/div><\/div><div class=\"elementor-accordion-item\">\n\t\t\t\t\t\t\t<div id=\"elementor-accordion-title-834633102\" class=\"elementor-tab-title\" data-tab=\"2\" role=\"tab\" aria-controls=\"elementor-accordion-content-834633102\" aria-expanded=\"false\">\t\t\t\t\t\t\t\t\t\t\t\t\t\t\t\t\t<span class=\"elementor-accordion-icon elementor-accordion-icon-right\" aria-hidden=\"true\">\t\t\t\t\t\t\t\t\t\t<span class=\"elementor-accordion-icon-closed\"><i class=\"fas fa-angle-right\"><\/i><\/span>\n\t\t\t\t\t\t\t\t\t\t<span class=\"elementor-accordion-icon-opened\"><i class=\"fas fa-angle-down\"><\/i><\/span><\/span><a href=\"#\">Ist diese Mission nur f\u00fcr junge Leute? <\/a><\/div><div id=\"elementor-accordion-content-834633102\" class=\"elementor-tab-content elementor-clearfix\" data-tab=\"2\" role=\"tabpanel\" aria-labelledby=\"elementor-accordion-title-834633102\">\n\t\t\t\t\t\t\t\t<div class=\"panel-tab-content\"><p>Ja, es ist f\u00fcr 18- bis 30-J\u00e4hrige.<\/p><\/div>\n\t\t\t\t\t\t\t<\/div><\/div><div class=\"elementor-accordion-item\">\n\t\t\t\t\t\t\t<div id=\"elementor-accordion-title-834633103\" class=\"elementor-tab-title\" data-tab=\"3\" role=\"tab\" aria-controls=\"elementor-accordion-content-834633103\" aria-expanded=\"false\">\t\t\t\t\t\t\t\t\t\t\t\t\t\t\t\t\t<span class=\"elementor-accordion-icon elementor-accordion-icon-right\" aria-hidden=\"true\">\t\t\t\t\t\t\t\t\t\t<span class=\"elementor-accordion-icon-closed\"><i class=\"fas fa-angle-right\"><\/i><\/span>\n\t\t\t\t\t\t\t\t\t\t<span class=\"elementor-accordion-icon-opened\"><i class=\"fas fa-angle-down\"><\/i><\/span><\/span><a href=\"#\">Ist diese Mission offen f\u00fcr internationale Studenten? <\/a><\/div><div id=\"elementor-accordion-content-834633103\" class=\"elementor-tab-content elementor-clearfix\" data-tab=\"3\" role=\"tabpanel\" aria-labelledby=\"elementor-accordion-title-834633103\">\n\t\t\t\t\t\t\t\t<div class=\"panel-tab-content\"><p>Ja, sobald deine Bewerbung angenommen worden ist, bem\u00fchen wir uns darum, dass du ein Visum erh\u00e4ltst. Bitte sorge daf\u00fcr, dass dein Reisepass nach dem Rejoice-Programm noch 6 Monate lang g\u00fcltig ist.<\/p><\/div>\n\t\t\t\t\t\t\t<\/div><\/div><div class=\"elementor-accordion-item\">\n\t\t\t\t\t\t\t<div id=\"elementor-accordion-title-834633104\" class=\"elementor-tab-title\" data-tab=\"4\" role=\"tab\" aria-controls=\"elementor-accordion-content-834633104\" aria-expanded=\"false\">\t\t\t\t\t\t\t\t\t\t\t\t\t\t\t\t\t<span class=\"elementor-accordion-icon elementor-accordion-icon-right\" aria-hidden=\"true\">\t\t\t\t\t\t\t\t\t\t<span class=\"elementor-accordion-icon-closed\"><i class=\"fas fa-angle-right\"><\/i><\/span>\n\t\t\t\t\t\t\t\t\t\t<span class=\"elementor-accordion-icon-opened\"><i class=\"fas fa-angle-down\"><\/i><\/span><\/span><a href=\"#\"> Ich bin B\u00fcrger der EU. Brauche ich\ndennoch einen Reisepass? <\/a><\/div><div id=\"elementor-accordion-content-834633104\" class=\"elementor-tab-content elementor-clearfix\" data-tab=\"4\" role=\"tabpanel\" aria-labelledby=\"elementor-accordion-title-834633104\">\n\t\t\t\t\t\t\t\t<div class=\"panel-tab-content\"><p>Ja, wir werden viel reisen und einige\nMissionen finden au\u00dferhalb der EU statt.<\/p><\/div>\n\t\t\t\t\t\t\t<\/div><\/div><div class=\"elementor-accordion-item\">\n\t\t\t\t\t\t\t<div id=\"elementor-accordion-title-834633105\" class=\"elementor-tab-title\" data-tab=\"5\" role=\"tab\" aria-controls=\"elementor-accordion-content-834633105\" aria-expanded=\"false\">\t\t\t\t\t\t\t\t\t\t\t\t\t\t\t\t\t<span class=\"elementor-accordion-icon elementor-accordion-icon-right\" aria-hidden=\"true\">\t\t\t\t\t\t\t\t\t\t<span class=\"elementor-accordion-icon-closed\"><i class=\"fas fa-angle-right\"><\/i><\/span>\n\t\t\t\t\t\t\t\t\t\t<span class=\"elementor-accordion-icon-opened\"><i class=\"fas fa-angle-down\"><\/i><\/span><\/span><a href=\"#\">Wie kann ich mich f\u00fcr Rejoice\nbewerben? <\/a><\/div><div id=\"elementor-accordion-content-834633105\" class=\"elementor-tab-content elementor-clearfix\" data-tab=\"5\" role=\"tabpanel\" aria-labelledby=\"elementor-accordion-title-834633105\">\n\t\t\t\t\t\t\t\t<div class=\"panel-tab-content\"><p>W\u00e4hle die Registerkarte \u201eBewerben\u201c und\nsende uns folgende Unterlagen:<\/p><ul><li>Tauf- und Firmbescheinigungen<\/li><li>Ein Motivationsschreiben<\/li><li>Kurze Hintergrundbeschreibung und aktueller Lebenslauf<\/li><li>Ein Empfehlungsschreiben von einem der folgenden Personen: deinem Pastor\/Pfarrer, einem Bischof oder einem Gemeindeleiter.<\/li><li>Links zu deinen Social-Media-Profilen<\/li><li>Eine Kopie deines Perswonalausweises<\/li><li>Ein Lichtbild<\/li><\/ul><\/div>\n\t\t\t\t\t\t\t<\/div><\/div><div class=\"elementor-accordion-item\">\n\t\t\t\t\t\t\t<div id=\"elementor-accordion-title-834633106\" class=\"elementor-tab-title\" data-tab=\"6\" role=\"tab\" aria-controls=\"elementor-accordion-content-834633106\" aria-expanded=\"false\">\t\t\t\t\t\t\t\t\t\t\t\t\t\t\t\t\t<span class=\"elementor-accordion-icon elementor-accordion-icon-right\" aria-hidden=\"true\">\t\t\t\t\t\t\t\t\t\t<span class=\"elementor-accordion-icon-closed\"><i class=\"fas fa-angle-right\"><\/i><\/span>\n\t\t\t\t\t\t\t\t\t\t<span class=\"elementor-accordion-icon-opened\"><i class=\"fas fa-angle-down\"><\/i><\/span><\/span><a href=\"#\">Woher wei\u00df ich, ob ich qualifiziert bin? <\/a><\/div><div id=\"elementor-accordion-content-834633106\" class=\"elementor-tab-content elementor-clearfix\" data-tab=\"6\" role=\"tabpanel\" aria-labelledby=\"elementor-accordion-title-834633106\">\n\t\t\t\t\t\t\t\t<div class=\"panel-tab-content\"><p>Setze dich mit uns in Verbindung unter\ninfo@rejoice.cyou. Wir w\u00fcrden dich gerne\nkennenlernen.<\/p><\/div>\n\t\t\t\t\t\t\t<\/div><\/div><div class=\"elementor-accordion-item\">\n\t\t\t\t\t\t\t<div id=\"elementor-accordion-title-834633107\" class=\"elementor-tab-title\" data-tab=\"7\" role=\"tab\" aria-controls=\"elementor-accordion-content-834633107\" aria-expanded=\"false\">\t\t\t\t\t\t\t\t\t\t\t\t\t\t\t\t\t<span class=\"elementor-accordion-icon elementor-accordion-icon-right\" aria-hidden=\"true\">\t\t\t\t\t\t\t\t\t\t<span class=\"elementor-accordion-icon-closed\"><i class=\"fas fa-angle-right\"><\/i><\/span>\n\t\t\t\t\t\t\t\t\t\t<span class=\"elementor-accordion-icon-opened\"><i class=\"fas fa-angle-down\"><\/i><\/span><\/span><a href=\"#\">Welche Sprachen werden bei Rejoice\ngesprochen? <\/a><\/div><div id=\"elementor-accordion-content-834633107\" class=\"elementor-tab-content elementor-clearfix\" data-tab=\"7\" role=\"tabpanel\" aria-labelledby=\"elementor-accordion-title-834633107\">\n\t\t\t\t\t\t\t\t<div class=\"panel-tab-content\"><p>Rejoice\nEmmanuel School of Mission\nhat eine Vielfalt von Leitern und\nMissionaren aus der ganzen Welt. Es ist\nein zweisprachiges Programm, d. h. es wird\nsowohl Englisch als auch Deutsch\ngesprochen. Wenn du keine\nDeutschkenntnisse hast, mach dir keine\nSorgen, denn wir bieten einen Monat vor\nBeginn des Semesters einen Intensiv\nDeutschkurs an.<\/p><\/div>\n\t\t\t\t\t\t\t<\/div><\/div><\/div>\t\t\t\t<\/div>\n\t\t\t\t<\/div>\n\t\t\t\t\t<\/div>\n\t\t<\/div>\n\t\t\t\t<div class=\"elementor-column elementor-col-50 elementor-inner-column elementor-element elementor-element-fa1963f elementor-invisible\" data-fullscreen-column-settings=\"{&quot;fullscreen&quot;:&quot;&quot;}\" data-id=\"fa1963f\" data-element_type=\"column\" data-settings=\"{&quot;animation&quot;:&quot;fadeIn&quot;}\">\n\t\t\t<div class=\"elementor-widget-wrap elementor-element-populated\">\n\t\t\t\t\t\t<div class=\"elementor-element elementor-element-e1ea48a elementor-default-active-yes elementor-widget elementor-widget-litho-accordion\" data-id=\"e1ea48a\" data-element_type=\"widget\" data-settings=\"{&quot;litho_accordion_style&quot;:&quot;accordion-style-1&quot;}\" data-widget_type=\"litho-accordion.default\">\n\t\t\t\t<div class=\"elementor-widget-container\">\n\t\t\t\t\t<div class=\"elementor-accordion accordion-style-1\" role=\"tablist\"><div class=\"elementor-accordion-item\">\n\t\t\t\t\t\t\t<div id=\"elementor-accordion-title-2368892261\" class=\"elementor-tab-title\" data-tab=\"1\" role=\"tab\" aria-controls=\"elementor-accordion-content-2368892261\" aria-expanded=\"false\">\t\t\t\t\t\t\t\t\t\t\t\t\t\t\t\t\t<span class=\"elementor-accordion-icon elementor-accordion-icon-right\" aria-hidden=\"true\">\t\t\t\t\t\t\t\t\t\t<span class=\"elementor-accordion-icon-closed\"><i class=\"fas fa-angle-right\"><\/i><\/span>\n\t\t\t\t\t\t\t\t\t\t<span class=\"elementor-accordion-icon-opened\"><i class=\"fas fa-angle-down\"><\/i><\/span><\/span><a href=\"#\">Muss ich katholisch sein, um bei Rejoice\nmitzumachen? <\/a><\/div><div id=\"elementor-accordion-content-2368892261\" class=\"elementor-tab-content elementor-clearfix\" data-tab=\"1\" role=\"tabpanel\" aria-labelledby=\"elementor-accordion-title-2368892261\">\n\t\t\t\t\t\t\t\t<div class=\"panel-tab-content\"><p>Ja, die Voraussetzungen sind, dass du eine\nTauf und eine Firmurkunde hast. Wenn\ndu diese Bescheinigungen nicht hast und\ndaran interessiert bist, katholisch zu\nwerden, z\u00f6gere bitte nicht, mit uns zu\nsprechen.<\/p><\/div>\n\t\t\t\t\t\t\t<\/div><\/div><div class=\"elementor-accordion-item\">\n\t\t\t\t\t\t\t<div id=\"elementor-accordion-title-2368892262\" class=\"elementor-tab-title\" data-tab=\"2\" role=\"tab\" aria-controls=\"elementor-accordion-content-2368892262\" aria-expanded=\"false\">\t\t\t\t\t\t\t\t\t\t\t\t\t\t\t\t\t<span class=\"elementor-accordion-icon elementor-accordion-icon-right\" aria-hidden=\"true\">\t\t\t\t\t\t\t\t\t\t<span class=\"elementor-accordion-icon-closed\"><i class=\"fas fa-angle-right\"><\/i><\/span>\n\t\t\t\t\t\t\t\t\t\t<span class=\"elementor-accordion-icon-opened\"><i class=\"fas fa-angle-down\"><\/i><\/span><\/span><a href=\"#\">Was sind die Voraussetzungen, um bei Rejoice mitzumachen? <\/a><\/div><div id=\"elementor-accordion-content-2368892262\" class=\"elementor-tab-content elementor-clearfix\" data-tab=\"2\" role=\"tabpanel\" aria-labelledby=\"elementor-accordion-title-2368892262\">\n\t\t\t\t\t\t\t\t<div class=\"panel-tab-content\"><p>Du hast den Wunsch, deine Beziehung\nzum Herrn zu vertiefen. Du bist bereit,\ndeine Talente f\u00fcr die Mission einzusetzen.\nDann wird deine Bewerbung erfolgreich sein.<\/p><\/div>\n\t\t\t\t\t\t\t<\/div><\/div><div class=\"elementor-accordion-item\">\n\t\t\t\t\t\t\t<div id=\"elementor-accordion-title-2368892263\" class=\"elementor-tab-title\" data-tab=\"3\" role=\"tab\" aria-controls=\"elementor-accordion-content-2368892263\" aria-expanded=\"false\">\t\t\t\t\t\t\t\t\t\t\t\t\t\t\t\t\t<span class=\"elementor-accordion-icon elementor-accordion-icon-right\" aria-hidden=\"true\">\t\t\t\t\t\t\t\t\t\t<span class=\"elementor-accordion-icon-closed\"><i class=\"fas fa-angle-right\"><\/i><\/span>\n\t\t\t\t\t\t\t\t\t\t<span class=\"elementor-accordion-icon-opened\"><i class=\"fas fa-angle-down\"><\/i><\/span><\/span><a href=\"#\">Wo werde ich w\u00e4hrend meiner Zeit bei\nRejoice wohnen?  <\/a><\/div><div id=\"elementor-accordion-content-2368892263\" class=\"elementor-tab-content elementor-clearfix\" data-tab=\"3\" role=\"tabpanel\" aria-labelledby=\"elementor-accordion-title-2368892263\">\n\t\t\t\t\t\t\t\t<div class=\"panel-tab-content\"><p>Du wohnst in der Josefsburg in Alt\u00f6tting,\nBayern, Deutschland, und hast Zugang zu\nverschiedenen \u00d6rtlichkeiten,\nGemeinschaftsr\u00e4umen, einem Tonstudio\nund einem Videostudio. Die Unterkunft\nbietet Einzelzimmer mit Waschbecken,\ngetrennte Etagen f\u00fcr M\u00e4nner und Frauen\nsowie Gemeinschaftsduschen und\nToiletten auf jeder Etage.<\/p><\/div>\n\t\t\t\t\t\t\t<\/div><\/div><div class=\"elementor-accordion-item\">\n\t\t\t\t\t\t\t<div id=\"elementor-accordion-title-2368892264\" class=\"elementor-tab-title\" data-tab=\"4\" role=\"tab\" aria-controls=\"elementor-accordion-content-2368892264\" aria-expanded=\"false\">\t\t\t\t\t\t\t\t\t\t\t\t\t\t\t\t\t<span class=\"elementor-accordion-icon elementor-accordion-icon-right\" aria-hidden=\"true\">\t\t\t\t\t\t\t\t\t\t<span class=\"elementor-accordion-icon-closed\"><i class=\"fas fa-angle-right\"><\/i><\/span>\n\t\t\t\t\t\t\t\t\t\t<span class=\"elementor-accordion-icon-opened\"><i class=\"fas fa-angle-down\"><\/i><\/span><\/span><a href=\"#\">Wie hoch sind die Geb\u00fchren? <\/a><\/div><div id=\"elementor-accordion-content-2368892264\" class=\"elementor-tab-content elementor-clearfix\" data-tab=\"4\" role=\"tabpanel\" aria-labelledby=\"elementor-accordion-title-2368892264\">\n\t\t\t\t\t\t\t\t<div class=\"panel-tab-content\"><p>Die\nGeb\u00fchre n betragen pro Monat bei\nRejoice einschlie\u00dflich Unterkunft,\nVerpflegung, Unterricht und Missions-Reisekosten 1.200 Euro.\nWie die Rejoice-Studenten vor dir, wirst\ndu ermutigt, ein Netzwerk von Spendern\naufzubauen, die dir helfen, dieses Ziel zu\nerreichen. Die Finanzen werden w\u00e4hrend\ndes Vorstellungsgespr\u00e4chs besprochen,\nund in einigen F\u00e4llen kann Unterst\u00fctzung\ngew\u00e4hrt werden.<\/p><\/div>\n\t\t\t\t\t\t\t<\/div><\/div><div class=\"elementor-accordion-item\">\n\t\t\t\t\t\t\t<div id=\"elementor-accordion-title-2368892265\" class=\"elementor-tab-title\" data-tab=\"5\" role=\"tab\" aria-controls=\"elementor-accordion-content-2368892265\" aria-expanded=\"false\">\t\t\t\t\t\t\t\t\t\t\t\t\t\t\t\t\t<span class=\"elementor-accordion-icon elementor-accordion-icon-right\" aria-hidden=\"true\">\t\t\t\t\t\t\t\t\t\t<span class=\"elementor-accordion-icon-closed\"><i class=\"fas fa-angle-right\"><\/i><\/span>\n\t\t\t\t\t\t\t\t\t\t<span class=\"elementor-accordion-icon-opened\"><i class=\"fas fa-angle-down\"><\/i><\/span><\/span><a href=\"#\">Warum Fundraising zur Unterst\u00fctzung? <\/a><\/div><div id=\"elementor-accordion-content-2368892265\" class=\"elementor-tab-content elementor-clearfix\" data-tab=\"5\" role=\"tabpanel\" aria-labelledby=\"elementor-accordion-title-2368892265\">\n\t\t\t\t\t\t\t\t<div class=\"panel-tab-content\"><p>Der Aufbau einer gro\u00dfen Gruppe von\nSpendern erm\u00f6glicht es, dass die Kosten\nvon vielen Menschen getragen werden\nk\u00f6nnen. Es ist auch eine Chance, mit den\nMenschen in deinem Umfeld in Kontakt zu\ntreten und sie an deiner Mission teilhaben zu lassen.<\/p><\/div>\n\t\t\t\t\t\t\t<\/div><\/div><div class=\"elementor-accordion-item\">\n\t\t\t\t\t\t\t<div id=\"elementor-accordion-title-2368892266\" class=\"elementor-tab-title\" data-tab=\"6\" role=\"tab\" aria-controls=\"elementor-accordion-content-2368892266\" aria-expanded=\"false\">\t\t\t\t\t\t\t\t\t\t\t\t\t\t\t\t\t<span class=\"elementor-accordion-icon elementor-accordion-icon-right\" aria-hidden=\"true\">\t\t\t\t\t\t\t\t\t\t<span class=\"elementor-accordion-icon-closed\"><i class=\"fas fa-angle-right\"><\/i><\/span>\n\t\t\t\t\t\t\t\t\t\t<span class=\"elementor-accordion-icon-opened\"><i class=\"fas fa-angle-down\"><\/i><\/span><\/span><a href=\"#\">Brauche ich eine Krankenversicherung ? <\/a><\/div><div id=\"elementor-accordion-content-2368892266\" class=\"elementor-tab-content elementor-clearfix\" data-tab=\"6\" role=\"tabpanel\" aria-labelledby=\"elementor-accordion-title-2368892266\">\n\t\t\t\t\t\t\t\t<div class=\"panel-tab-content\"><p>Ja, du brauchst eine Krankenversicherung,\ndie in Deutschland und in der gesamten\nEU g\u00fcltig ist. Sie sollte alle ambulanten\nund station\u00e4ren Behandlungen abdecken,\nauch den Besuch beim Zahnarzt.<\/p><\/div>\n\t\t\t\t\t\t\t<\/div><\/div><div class=\"elementor-accordion-item\">\n\t\t\t\t\t\t\t<div id=\"elementor-accordion-title-2368892267\" class=\"elementor-tab-title\" data-tab=\"7\" role=\"tab\" aria-controls=\"elementor-accordion-content-2368892267\" aria-expanded=\"false\">\t\t\t\t\t\t\t\t\t\t\t\t\t\t\t\t\t<span class=\"elementor-accordion-icon elementor-accordion-icon-right\" aria-hidden=\"true\">\t\t\t\t\t\t\t\t\t\t<span class=\"elementor-accordion-icon-closed\"><i class=\"fas fa-angle-right\"><\/i><\/span>\n\t\t\t\t\t\t\t\t\t\t<span class=\"elementor-accordion-icon-opened\"><i class=\"fas fa-angle-down\"><\/i><\/span><\/span><a href=\"#\">Bekommen Studenten w\u00e4hrend des\nJahres Urlaub? <\/a><\/div><div id=\"elementor-accordion-content-2368892267\" class=\"elementor-tab-content elementor-clearfix\" data-tab=\"7\" role=\"tabpanel\" aria-labelledby=\"elementor-accordion-title-2368892267\">\n\t\t\t\t\t\t\t\t<div class=\"panel-tab-content\"><p>Nach Weihnachten und Ostern haben die\nStudenten jeweils etwa zwei Wochen\nUrlaub. Gegen Ende des Programms\nfindet ein einw\u00f6chiger gemeinsamer\nUrlaub statt.<\/p><\/div>\n\t\t\t\t\t\t\t<\/div><\/div><div class=\"elementor-accordion-item\">\n\t\t\t\t\t\t\t<div id=\"elementor-accordion-title-2368892268\" class=\"elementor-tab-title\" data-tab=\"8\" role=\"tab\" aria-controls=\"elementor-accordion-content-2368892268\" aria-expanded=\"false\">\t\t\t\t\t\t\t\t\t\t\t\t\t\t\t\t\t<span class=\"elementor-accordion-icon elementor-accordion-icon-right\" aria-hidden=\"true\">\t\t\t\t\t\t\t\t\t\t<span class=\"elementor-accordion-icon-closed\"><i class=\"fas fa-angle-right\"><\/i><\/span>\n\t\t\t\t\t\t\t\t\t\t<span class=\"elementor-accordion-icon-opened\"><i class=\"fas fa-angle-down\"><\/i><\/span><\/span><a href=\"#\">Was wird von mir erwartet, wenn das\nProgramm zu Ende ist? <\/a><\/div><div id=\"elementor-accordion-content-2368892268\" class=\"elementor-tab-content elementor-clearfix\" data-tab=\"8\" role=\"tabpanel\" aria-labelledby=\"elementor-accordion-title-2368892268\">\n\t\t\t\t\t\t\t\t<div class=\"panel-tab-content\"><p>\u201eDuc in altum\u201c, \u201ehinaus in die Tiefe\u201c ... Der\nheilige Papst Johannes Paul II. erinnerte\nuns an die Worte Jesu an den heiligen\nPetrus in Bezug auf die\nNeuevangelisierung. Ein ausgebildeter\nMissionar von Rejoice wird mit dem Feuer\nausgesandt, das Evangelium\nweiterzugeben, und mit neuen\nF\u00e4higkeiten und Kenntnissen ausgestattet,\num in der Kirche, den Pfarreien,\nGemeinschaften und Di\u00f6zesen eine\nf\u00fchrende Rolle zu \u00fcbernehmen.\nVor allem aber sind sie sich\ndie Rejoice-Studenten der Notwendigkeit des Gebets und der lebenslangen Aufgabe bewusst,\nihre Beziehung zu Christus zu vertiefen, der sie in ihrer Mission unterst\u00fctzt.<\/p><\/div>\n\t\t\t\t\t\t\t<\/div><\/div><\/div>\t\t\t\t<\/div>\n\t\t\t\t<\/div>\n\t\t\t\t\t<\/div>\n\t\t<\/div>\n\t\t\t\t\t<\/div>\n\t\t<\/section>\n\t\t\t\t\t<\/div>\n\t\t<\/div>\n\t\t\t\t\t<\/div>\n\t\t<\/section>\n\t\t\t\t<\/div>","protected":false},"excerpt":{"rendered":"<p>FAQ Frequently Asked Questions How long is the program? The program runs for 10 months, from the middle of October to the middle of August each calendar year Is this mission focused on youth only? Yes, the age range is from 18-30 years old. Is the mission open to international students? Yes, after you are [&hellip;]<\/p>","protected":false},"author":4,"featured_media":0,"parent":0,"menu_order":0,"comment_status":"closed","ping_status":"closed","template":"","meta":{"footnotes":""},"class_list":["post-75886","page","type-page","status-publish","hentry"],"_links":{"self":[{"href":"https:\/\/www.rejoice.cyou\/de\/wp-json\/wp\/v2\/pages\/75886","targetHints":{"allow":["GET"]}}],"collection":[{"href":"https:\/\/www.rejoice.cyou\/de\/wp-json\/wp\/v2\/pages"}],"about":[{"href":"https:\/\/www.rejoice.cyou\/de\/wp-json\/wp\/v2\/types\/page"}],"author":[{"embeddable":true,"href":"https:\/\/www.rejoice.cyou\/de\/wp-json\/wp\/v2\/users\/4"}],"replies":[{"embeddable":true,"href":"https:\/\/www.rejoice.cyou\/de\/wp-json\/wp\/v2\/comments?post=75886"}],"version-history":[{"count":28,"href":"https:\/\/www.rejoice.cyou\/de\/wp-json\/wp\/v2\/pages\/75886\/revisions"}],"predecessor-version":[{"id":76623,"href":"https:\/\/www.rejoice.cyou\/de\/wp-json\/wp\/v2\/pages\/75886\/revisions\/76623"}],"wp:attachment":[{"href":"https:\/\/www.rejoice.cyou\/de\/wp-json\/wp\/v2\/media?parent=75886"}],"curies":[{"name":"wp","href":"https:\/\/api.w.org\/{rel}","templated":true}]}}