{"id":75813,"date":"2024-03-04T13:42:38","date_gmt":"2024-03-04T13:42:38","guid":{"rendered":"https:\/\/www.rejoice.cyou\/?page_id=75813"},"modified":"2024-03-27T08:00:07","modified_gmt":"2024-03-27T08:00:07","slug":"testimonies","status":"publish","type":"page","link":"https:\/\/www.rejoice.cyou\/de\/testimonies\/","title":{"rendered":"Zeugnisse"},"content":{"rendered":"<div data-elementor-type=\"wp-page\" data-elementor-id=\"75813\" class=\"elementor elementor-75813\" data-elementor-post-type=\"page\">\n\t\t\t\t\t\t<section data-particle_enable=\"false\" data-particle-mobile-disabled=\"false\" data-parallax-section-settings=\"{&quot;parallax_ratio&quot;:0.40000000000000002220446049250313080847263336181640625,&quot;parallax&quot;:&quot;parallax&quot;}\" data-scroll-to-down-settings=\"{&quot;scroll_to_down&quot;:&quot;yes&quot;,&quot;scroll_style_types&quot;:&quot;scroll-down-type-2&quot;,&quot;scroll_target_id&quot;:&quot;#about-2&quot;,&quot;scroll_text_separator&quot;:&quot;yes&quot;,&quot;scroll_text&quot;:&quot;scroll&quot;,&quot;scroll_custom_image&quot;:&quot;&quot;,&quot;scroll_icon&quot;:&quot;&quot;}\" class=\"elementor-section elementor-top-section elementor-element elementor-element-8d6ed38 elementor-section-boxed elementor-section-height-default elementor-section-height-default\" data-id=\"8d6ed38\" data-element_type=\"section\" data-settings=\"{&quot;background_background&quot;:&quot;classic&quot;}\">\n\t\t\t\t\t\t\t<div class=\"elementor-background-overlay\"><\/div>\n\t\t\t\t\t\t\t<div class=\"elementor-container elementor-column-gap-default\">\n\t\t\t\t\t<div class=\"full-screen elementor-column elementor-col-50 elementor-top-column elementor-element elementor-element-1075e4c\" data-fullscreen-column-settings=\"{&quot;fullscreen&quot;:&quot;yes&quot;}\" data-id=\"1075e4c\" data-element_type=\"column\">\n\t\t\t<div class=\"elementor-widget-wrap elementor-element-populated\">\n\t\t\t\t\t\t<div class=\"elementor-element elementor-element-fc73b62 elementor-widget-tablet__width-initial elementor-widget-mobile__width-initial elementor-widget elementor-widget-litho-heading\" data-id=\"fc73b62\" data-element_type=\"widget\" data-widget_type=\"litho-heading.default\">\n\t\t\t\t<div class=\"elementor-widget-container\">\n\t\t\t\t\t<h5 class=\"litho-heading elementor-size-default\"><span class=\"litho-primary-title\">Zeugnisse <\/span><\/h5>\t\t\t\t<\/div>\n\t\t\t\t<\/div>\n\t\t\t\t<div class=\"elementor-element elementor-element-c73d74a elementor-widget-tablet__width-initial elementor-widget-mobile__width-initial elementor-widget elementor-widget-litho-heading\" data-id=\"c73d74a\" data-element_type=\"widget\" data-widget_type=\"litho-heading.default\">\n\t\t\t\t<div class=\"elementor-widget-container\">\n\t\t\t\t\t<h5 class=\"litho-heading elementor-size-default\"><span class=\"litho-primary-title\">Erfahre, was Freunde und Ehemalige von Rejoice \u2013 ESM<br> \u00fcber unser Programm sagen. <\/span><\/h5>\t\t\t\t<\/div>\n\t\t\t\t<\/div>\n\t\t\t\t\t<\/div>\n\t\t<\/div>\n\t\t\t\t<div class=\"elementor-column elementor-col-50 elementor-top-column elementor-element elementor-element-9d17f8e elementor-hidden-phone\" data-fullscreen-column-settings=\"{&quot;fullscreen&quot;:&quot;&quot;}\" data-id=\"9d17f8e\" data-element_type=\"column\">\n\t\t\t<div class=\"elementor-widget-wrap\">\n\t\t\t\t\t\t\t<\/div>\n\t\t<\/div>\n\t\t\t\t\t<\/div>\n\t\t<\/section>\n\t\t\t\t<section data-particle_enable=\"false\" data-particle-mobile-disabled=\"false\" class=\"elementor-section elementor-top-section elementor-element elementor-element-457d88b elementor-section-full_width elementor-section-height-default elementor-section-height-default elementor-invisible\" data-id=\"457d88b\" data-element_type=\"section\" id=\"about-2\" data-settings=\"{&quot;animation&quot;:&quot;fadeIn&quot;}\">\n\t\t\t\t\t\t<div class=\"elementor-container elementor-column-gap-default\">\n\t\t\t\t\t<div class=\"elementor-column elementor-col-50 elementor-top-column elementor-element elementor-element-bdb7984 elementor-invisible\" data-fullscreen-column-settings=\"{&quot;fullscreen&quot;:&quot;&quot;}\" data-id=\"bdb7984\" data-element_type=\"column\" data-settings=\"{&quot;background_background&quot;:&quot;classic&quot;,&quot;animation&quot;:&quot;fadeInLeft&quot;,&quot;animation_delay&quot;:200}\">\n\t\t\t<div class=\"elementor-widget-wrap elementor-element-populated\">\n\t\t\t\t\t\t\t<\/div>\n\t\t<\/div>\n\t\t\t\t<div class=\"elementor-column elementor-col-50 elementor-top-column elementor-element elementor-element-9335b77 elementor-invisible\" data-fullscreen-column-settings=\"{&quot;fullscreen&quot;:&quot;&quot;}\" data-id=\"9335b77\" data-element_type=\"column\" data-settings=\"{&quot;background_background&quot;:&quot;classic&quot;,&quot;animation&quot;:&quot;fadeIn&quot;,&quot;animation_delay&quot;:600}\">\n\t\t\t<div class=\"elementor-widget-wrap elementor-element-populated\">\n\t\t\t\t\t\t<div class=\"elementor-element elementor-element-a7cd55f elementor-widget elementor-widget-spacer\" data-id=\"a7cd55f\" data-element_type=\"widget\" data-widget_type=\"spacer.default\">\n\t\t\t\t<div class=\"elementor-widget-container\">\n\t\t\t\t\t\t\t<div class=\"elementor-spacer\">\n\t\t\t<div class=\"elementor-spacer-inner\"><\/div>\n\t\t<\/div>\n\t\t\t\t\t\t<\/div>\n\t\t\t\t<\/div>\n\t\t\t\t<div class=\"elementor-element elementor-element-469482d elementor-widget elementor-widget-litho-heading\" data-id=\"469482d\" data-element_type=\"widget\" data-widget_type=\"litho-heading.default\">\n\t\t\t\t<div class=\"elementor-widget-container\">\n\t\t\t\t\t<h2 class=\"litho-heading elementor-size-default\"><span class=\"litho-primary-title\">Maria, Rejoice-ESM-Absolventin (Deutschland) <\/span><\/h2>\t\t\t\t<\/div>\n\t\t\t\t<\/div>\n\t\t\t\t<div class=\"elementor-element elementor-element-95cb023 elementor-widget elementor-widget-litho-heading\" data-id=\"95cb023\" data-element_type=\"widget\" data-widget_type=\"litho-heading.default\">\n\t\t\t\t<div class=\"elementor-widget-container\">\n\t\t\t\t\t<p class=\"litho-heading elementor-size-default\"><span class=\"litho-primary-title\">Ich hatte mich f\u00fcr Rejoice entschieden, um meine Beziehung zu Gott zu st\u00e4rken. In diesem Jahr war die CompassionMission eine besondere Erfahrung f\u00fcr mich. Zehn Tage lang war ich bei den Schwestern der N\u00e4chstenliebe (Mutter-Teresa-Schwestern) in Chemnitz.  Ich unterst\u00fctzte sie bei ihrer t\u00e4glichen Arbeit im Dienst an den Armen.  Zuerst war ich ergriffen, als ich sah, wie jedem Menschen eine warme Mahlzeit gereicht wurde, aber dann entdeckte ich die Sch\u00f6nheit der Begegnung, die Kraft eines L\u00e4chelns.  Viele der Armen sind nicht mehr in der Lage, f\u00fcr sich selbst zu sorgen, aber schon ein einfaches L\u00e4cheln war eine Gelegenheit, ihnen die Gegenwart Gottes zu bringen. W\u00e4hrend dieser Mission verstand ich, was die heilige Mutter Teresa damit meinte, dass sie das Antlitz Christi in den \u00c4rmsten der Armen sah. <\/span><\/p>\t\t\t\t<\/div>\n\t\t\t\t<\/div>\n\t\t\t\t<div class=\"elementor-element elementor-element-717582e elementor-widget elementor-widget-spacer\" data-id=\"717582e\" data-element_type=\"widget\" data-widget_type=\"spacer.default\">\n\t\t\t\t<div class=\"elementor-widget-container\">\n\t\t\t\t\t\t\t<div class=\"elementor-spacer\">\n\t\t\t<div class=\"elementor-spacer-inner\"><\/div>\n\t\t<\/div>\n\t\t\t\t\t\t<\/div>\n\t\t\t\t<\/div>\n\t\t\t\t\t<\/div>\n\t\t<\/div>\n\t\t\t\t\t<\/div>\n\t\t<\/section>\n\t\t\t\t<section data-particle_enable=\"false\" data-particle-mobile-disabled=\"false\" class=\"elementor-section elementor-top-section elementor-element elementor-element-5abb1e4 elementor-section-full_width elementor-reverse-tablet elementor-reverse-mobile elementor-section-height-default elementor-section-height-default elementor-invisible\" data-id=\"5abb1e4\" data-element_type=\"section\" data-settings=\"{&quot;animation&quot;:&quot;fadeIn&quot;}\">\n\t\t\t\t\t\t<div class=\"elementor-container elementor-column-gap-default\">\n\t\t\t\t\t<div class=\"elementor-column elementor-col-50 elementor-top-column elementor-element elementor-element-7df8ca7 elementor-invisible\" data-fullscreen-column-settings=\"{&quot;fullscreen&quot;:&quot;&quot;}\" data-id=\"7df8ca7\" data-element_type=\"column\" data-settings=\"{&quot;background_background&quot;:&quot;classic&quot;,&quot;animation&quot;:&quot;fadeIn&quot;,&quot;animation_delay&quot;:600}\">\n\t\t\t<div class=\"elementor-widget-wrap elementor-element-populated\">\n\t\t\t\t\t\t<div class=\"elementor-element elementor-element-21a7186 elementor-widget elementor-widget-spacer\" data-id=\"21a7186\" data-element_type=\"widget\" data-widget_type=\"spacer.default\">\n\t\t\t\t<div class=\"elementor-widget-container\">\n\t\t\t\t\t\t\t<div class=\"elementor-spacer\">\n\t\t\t<div class=\"elementor-spacer-inner\"><\/div>\n\t\t<\/div>\n\t\t\t\t\t\t<\/div>\n\t\t\t\t<\/div>\n\t\t\t\t<div class=\"elementor-element elementor-element-52429e1 elementor-widget elementor-widget-litho-heading\" data-id=\"52429e1\" data-element_type=\"widget\" data-widget_type=\"litho-heading.default\">\n\t\t\t\t<div class=\"elementor-widget-container\">\n\t\t\t\t\t<h2 class=\"litho-heading elementor-size-default\"><span class=\"litho-primary-title\">Filip, Rejoice-ESM-Absolvent (Tschechien) <\/span><\/h2>\t\t\t\t<\/div>\n\t\t\t\t<\/div>\n\t\t\t\t<div class=\"elementor-element elementor-element-725b440 elementor-widget elementor-widget-litho-heading\" data-id=\"725b440\" data-element_type=\"widget\" data-widget_type=\"litho-heading.default\">\n\t\t\t\t<div class=\"elementor-widget-container\">\n\t\t\t\t\t<p class=\"litho-heading elementor-size-default\"><span class=\"litho-primary-title\">Rejoice war eine sch\u00f6ne Zeit in meinem Leben, aber sie war nicht ohne Herausforderungen. Ich lebte fast ein Jahr in einer internationalen Gemeinschaft, in der uns der Glaube und der Wunsch, mit unseren Talenten und Charismen zu evangelisieren, verband. Dank Rejoice ist Gott zu einer lebendigen Gegenwart in meinem Leben geworden. Alt\u00f6tting ist eine wundersch\u00f6ne Stadt, die einen geistlichen Rahmen bietet und die M\u00f6glichkeit, sich ganz auf Christus zu konzentrieren. Das ist in einer Welt voller Ablenkungen oft schwer zu verwirklichen. Rejoice bietet auch Raum f\u00fcr pers\u00f6nliche Entwicklung und Wachstum ohne die Gefahr, verurteilt zu werden, und es f\u00f6rdert gleichzeitig das gegenseitige Vertrauen zu anderen.  Bei Gott ist nichts unm\u00f6glich. Ich ermutige jeden jungen Menschen, es zu wagen. Hab keine Angst, du kannst es schaffen!  <\/span><\/p>\t\t\t\t<\/div>\n\t\t\t\t<\/div>\n\t\t\t\t<div class=\"elementor-element elementor-element-5bb7b8f elementor-widget elementor-widget-spacer\" data-id=\"5bb7b8f\" data-element_type=\"widget\" data-widget_type=\"spacer.default\">\n\t\t\t\t<div class=\"elementor-widget-container\">\n\t\t\t\t\t\t\t<div class=\"elementor-spacer\">\n\t\t\t<div class=\"elementor-spacer-inner\"><\/div>\n\t\t<\/div>\n\t\t\t\t\t\t<\/div>\n\t\t\t\t<\/div>\n\t\t\t\t\t<\/div>\n\t\t<\/div>\n\t\t\t\t<div class=\"elementor-column elementor-col-50 elementor-top-column elementor-element elementor-element-2eb9be8 elementor-invisible\" data-fullscreen-column-settings=\"{&quot;fullscreen&quot;:&quot;&quot;}\" data-id=\"2eb9be8\" data-element_type=\"column\" data-settings=\"{&quot;background_background&quot;:&quot;classic&quot;,&quot;animation&quot;:&quot;fadeInLeft&quot;,&quot;animation_delay&quot;:200}\">\n\t\t\t<div class=\"elementor-widget-wrap elementor-element-populated\">\n\t\t\t\t\t\t\t<\/div>\n\t\t<\/div>\n\t\t\t\t\t<\/div>\n\t\t<\/section>\n\t\t\t\t<section data-particle_enable=\"false\" data-particle-mobile-disabled=\"false\" class=\"elementor-section elementor-top-section elementor-element elementor-element-90346c9 elementor-section-full_width elementor-section-height-default elementor-section-height-default elementor-invisible\" data-id=\"90346c9\" data-element_type=\"section\" data-settings=\"{&quot;animation&quot;:&quot;fadeIn&quot;}\">\n\t\t\t\t\t\t<div class=\"elementor-container elementor-column-gap-default\">\n\t\t\t\t\t<div class=\"elementor-column elementor-col-50 elementor-top-column elementor-element elementor-element-73d1ac9 elementor-invisible\" data-fullscreen-column-settings=\"{&quot;fullscreen&quot;:&quot;&quot;}\" data-id=\"73d1ac9\" data-element_type=\"column\" data-settings=\"{&quot;background_background&quot;:&quot;classic&quot;,&quot;animation&quot;:&quot;fadeInLeft&quot;,&quot;animation_delay&quot;:200}\">\n\t\t\t<div class=\"elementor-widget-wrap elementor-element-populated\">\n\t\t\t\t\t\t\t<\/div>\n\t\t<\/div>\n\t\t\t\t<div class=\"elementor-column elementor-col-50 elementor-top-column elementor-element elementor-element-72e283a elementor-invisible\" data-fullscreen-column-settings=\"{&quot;fullscreen&quot;:&quot;&quot;}\" data-id=\"72e283a\" data-element_type=\"column\" data-settings=\"{&quot;background_background&quot;:&quot;classic&quot;,&quot;animation&quot;:&quot;fadeIn&quot;,&quot;animation_delay&quot;:600}\">\n\t\t\t<div class=\"elementor-widget-wrap elementor-element-populated\">\n\t\t\t\t\t\t<div class=\"elementor-element elementor-element-a80a49e elementor-widget elementor-widget-spacer\" data-id=\"a80a49e\" data-element_type=\"widget\" data-widget_type=\"spacer.default\">\n\t\t\t\t<div class=\"elementor-widget-container\">\n\t\t\t\t\t\t\t<div class=\"elementor-spacer\">\n\t\t\t<div class=\"elementor-spacer-inner\"><\/div>\n\t\t<\/div>\n\t\t\t\t\t\t<\/div>\n\t\t\t\t<\/div>\n\t\t\t\t<div class=\"elementor-element elementor-element-19ba098 elementor-widget elementor-widget-litho-heading\" data-id=\"19ba098\" data-element_type=\"widget\" data-widget_type=\"litho-heading.default\">\n\t\t\t\t<div class=\"elementor-widget-container\">\n\t\t\t\t\t<h2 class=\"litho-heading elementor-size-default\"><span class=\"litho-primary-title\">Kathy, Rejoice-ESM-Absolventin (\u00d6sterreich) <\/span><\/h2>\t\t\t\t<\/div>\n\t\t\t\t<\/div>\n\t\t\t\t<div class=\"elementor-element elementor-element-2b109d3 elementor-widget elementor-widget-litho-heading\" data-id=\"2b109d3\" data-element_type=\"widget\" data-widget_type=\"litho-heading.default\">\n\t\t\t\t<div class=\"elementor-widget-container\">\n\t\t\t\t\t<p class=\"litho-heading elementor-size-default\"><span class=\"litho-primary-title\">Dank Rejoice konnte ich die Freude an der Musik entdecken. Und was f\u00fcr ein Schatz ist das f\u00fcr mein Leben!  W\u00e4hrend unserer Missionsreisen haben wir viele St\u00e4dte in ganz Europa besucht. Ich habe nicht nur einen Einblick in das Leben als Musikers bekommen, sondern auch, wie man diese Gabe der Musik an andere weitergeben kann. Musik ist mehr als nur ein Projekt. Sie ist ein gro\u00dfartiges missionarisches Werkzeug, das Herzen \u00f6ffnet. <\/span><\/p>\t\t\t\t<\/div>\n\t\t\t\t<\/div>\n\t\t\t\t<div class=\"elementor-element elementor-element-1416ce4 elementor-widget elementor-widget-spacer\" data-id=\"1416ce4\" data-element_type=\"widget\" data-widget_type=\"spacer.default\">\n\t\t\t\t<div class=\"elementor-widget-container\">\n\t\t\t\t\t\t\t<div class=\"elementor-spacer\">\n\t\t\t<div class=\"elementor-spacer-inner\"><\/div>\n\t\t<\/div>\n\t\t\t\t\t\t<\/div>\n\t\t\t\t<\/div>\n\t\t\t\t\t<\/div>\n\t\t<\/div>\n\t\t\t\t\t<\/div>\n\t\t<\/section>\n\t\t\t\t<section data-particle_enable=\"false\" data-particle-mobile-disabled=\"false\" class=\"elementor-section elementor-top-section elementor-element elementor-element-1aa4e07 elementor-section-full_width elementor-reverse-tablet elementor-reverse-mobile elementor-section-height-default elementor-section-height-default elementor-invisible\" data-id=\"1aa4e07\" data-element_type=\"section\" data-settings=\"{&quot;animation&quot;:&quot;fadeIn&quot;}\">\n\t\t\t\t\t\t<div class=\"elementor-container elementor-column-gap-default\">\n\t\t\t\t\t<div class=\"elementor-column elementor-col-50 elementor-top-column elementor-element elementor-element-3a96b6f elementor-invisible\" data-fullscreen-column-settings=\"{&quot;fullscreen&quot;:&quot;&quot;}\" data-id=\"3a96b6f\" data-element_type=\"column\" data-settings=\"{&quot;background_background&quot;:&quot;classic&quot;,&quot;animation&quot;:&quot;fadeIn&quot;,&quot;animation_delay&quot;:600}\">\n\t\t\t<div class=\"elementor-widget-wrap elementor-element-populated\">\n\t\t\t\t\t\t<div class=\"elementor-element elementor-element-0078974 elementor-widget elementor-widget-spacer\" data-id=\"0078974\" data-element_type=\"widget\" data-widget_type=\"spacer.default\">\n\t\t\t\t<div class=\"elementor-widget-container\">\n\t\t\t\t\t\t\t<div class=\"elementor-spacer\">\n\t\t\t<div class=\"elementor-spacer-inner\"><\/div>\n\t\t<\/div>\n\t\t\t\t\t\t<\/div>\n\t\t\t\t<\/div>\n\t\t\t\t<div class=\"elementor-element elementor-element-2f462e2 elementor-widget elementor-widget-litho-heading\" data-id=\"2f462e2\" data-element_type=\"widget\" data-widget_type=\"litho-heading.default\">\n\t\t\t\t<div class=\"elementor-widget-container\">\n\t\t\t\t\t<h2 class=\"litho-heading elementor-size-default\"><span class=\"litho-primary-title\">Pierre-Yves, ESM-Absolvent (Frankreich) <\/span><\/h2>\t\t\t\t<\/div>\n\t\t\t\t<\/div>\n\t\t\t\t<div class=\"elementor-element elementor-element-a5b2831 elementor-widget elementor-widget-litho-heading\" data-id=\"a5b2831\" data-element_type=\"widget\" data-widget_type=\"litho-heading.default\">\n\t\t\t\t<div class=\"elementor-widget-container\">\n\t\t\t\t\t<p class=\"litho-heading elementor-size-default\"><span class=\"litho-primary-title\">Ich hatte das Ziel, meine musikalischen F\u00e4higkeiten weiterzuentwickeln. W\u00e4hrend meiner Zeit an der Emmanuel School of Mission hatte ich die Gelegenheit, diesen W\u00fcnschen nachzugehen und vor allem in mehreren spannenden Projekten auf der B\u00fchne und in der Liturgie mitzuwirken. Ich habe mir das Motto zu eigen gemacht: Gib alles dem Herrn und lass dich \u00fcberraschen!  Ein Nebenprodukt dieses Jahres f\u00fcr den Herrn ist, dass man sich selbst besser kennenlernt. Das kann oft eine Herausforderung sein, aber durch die vielen Missionserfahrungen, das Gemeinschaftsleben und die positive Feedbackkultur konnte ich in meinen F\u00fchrungsf\u00e4higkeiten wachsen. Als Ergebnis habe ich 2019 einen christlichen Chor in M\u00fcnchen gegr\u00fcndet. Ich genie\u00dfe es nach wie vor, mit anderen Geschwistern auf den EmmanuelJugendforen zu musizieren, diese gro\u00dfen Veranstaltungen erf\u00fcllen mich mit einer tiefen Freude! <\/span><\/p>\t\t\t\t<\/div>\n\t\t\t\t<\/div>\n\t\t\t\t<div class=\"elementor-element elementor-element-a4f59c5 elementor-widget elementor-widget-spacer\" data-id=\"a4f59c5\" data-element_type=\"widget\" data-widget_type=\"spacer.default\">\n\t\t\t\t<div class=\"elementor-widget-container\">\n\t\t\t\t\t\t\t<div class=\"elementor-spacer\">\n\t\t\t<div class=\"elementor-spacer-inner\"><\/div>\n\t\t<\/div>\n\t\t\t\t\t\t<\/div>\n\t\t\t\t<\/div>\n\t\t\t\t\t<\/div>\n\t\t<\/div>\n\t\t\t\t<div class=\"elementor-column elementor-col-50 elementor-top-column elementor-element elementor-element-da1dd7d elementor-invisible\" data-fullscreen-column-settings=\"{&quot;fullscreen&quot;:&quot;&quot;}\" data-id=\"da1dd7d\" data-element_type=\"column\" data-settings=\"{&quot;background_background&quot;:&quot;classic&quot;,&quot;animation&quot;:&quot;fadeInLeft&quot;,&quot;animation_delay&quot;:200}\">\n\t\t\t<div class=\"elementor-widget-wrap elementor-element-populated\">\n\t\t\t\t\t\t\t<\/div>\n\t\t<\/div>\n\t\t\t\t\t<\/div>\n\t\t<\/section>\n\t\t\t\t<section data-particle_enable=\"false\" data-particle-mobile-disabled=\"false\" class=\"elementor-section elementor-top-section elementor-element elementor-element-d6d2fd8 elementor-section-full_width elementor-section-height-default elementor-section-height-default elementor-invisible\" data-id=\"d6d2fd8\" data-element_type=\"section\" data-settings=\"{&quot;animation&quot;:&quot;fadeIn&quot;}\">\n\t\t\t\t\t\t<div class=\"elementor-container elementor-column-gap-default\">\n\t\t\t\t\t<div class=\"elementor-column elementor-col-50 elementor-top-column elementor-element elementor-element-9a7ce60 elementor-invisible\" data-fullscreen-column-settings=\"{&quot;fullscreen&quot;:&quot;&quot;}\" data-id=\"9a7ce60\" data-element_type=\"column\" data-settings=\"{&quot;background_background&quot;:&quot;classic&quot;,&quot;animation&quot;:&quot;fadeInLeft&quot;,&quot;animation_delay&quot;:200}\">\n\t\t\t<div class=\"elementor-widget-wrap elementor-element-populated\">\n\t\t\t\t\t\t\t<\/div>\n\t\t<\/div>\n\t\t\t\t<div class=\"elementor-column elementor-col-50 elementor-top-column elementor-element elementor-element-96b158e elementor-invisible\" data-fullscreen-column-settings=\"{&quot;fullscreen&quot;:&quot;&quot;}\" data-id=\"96b158e\" data-element_type=\"column\" data-settings=\"{&quot;background_background&quot;:&quot;classic&quot;,&quot;animation&quot;:&quot;fadeIn&quot;,&quot;animation_delay&quot;:600}\">\n\t\t\t<div class=\"elementor-widget-wrap elementor-element-populated\">\n\t\t\t\t\t\t<div class=\"elementor-element elementor-element-6356464 elementor-widget elementor-widget-spacer\" data-id=\"6356464\" data-element_type=\"widget\" data-widget_type=\"spacer.default\">\n\t\t\t\t<div class=\"elementor-widget-container\">\n\t\t\t\t\t\t\t<div class=\"elementor-spacer\">\n\t\t\t<div class=\"elementor-spacer-inner\"><\/div>\n\t\t<\/div>\n\t\t\t\t\t\t<\/div>\n\t\t\t\t<\/div>\n\t\t\t\t<div class=\"elementor-element elementor-element-1ca053d elementor-widget elementor-widget-litho-heading\" data-id=\"1ca053d\" data-element_type=\"widget\" data-widget_type=\"litho-heading.default\">\n\t\t\t\t<div class=\"elementor-widget-container\">\n\t\t\t\t\t<h2 class=\"litho-heading elementor-size-default\"><span class=\"litho-primary-title\">Tomas, Rejoice-ESM-Absolvent (Tschechien) <\/span><\/h2>\t\t\t\t<\/div>\n\t\t\t\t<\/div>\n\t\t\t\t<div class=\"elementor-element elementor-element-07eb96e elementor-widget elementor-widget-litho-heading\" data-id=\"07eb96e\" data-element_type=\"widget\" data-widget_type=\"litho-heading.default\">\n\t\t\t\t<div class=\"elementor-widget-container\">\n\t\t\t\t\t<p class=\"litho-heading elementor-size-default\"><span class=\"litho-primary-title\">Ich bewarb mich bei Rejoice - Emmanuel School of Mission, um meine Beziehung zu Gott zu vertiefen und seine Frohe Botschaft in der Welt zu verbreiten. \u00dcberraschenderweise h\u00e4tte ich nie erwartet, so viel von Gott zu empfangen. Ich habe eine solche Freude durch ihn erfahren, und ich trage diese Freude nun t\u00e4glich mit mir und bem\u00fche mich, sie mit anderen zu teilen. Dank der Ausbildung hat mich Rejoice so viel gelehrt: Es hat mich viel \u00fcber das Leben gelehrt und mir geholfen, meine musikalischen F\u00e4higkeiten zu verbessern. Ich habe entdeckt, dass man viel mehr erh\u00e4lt, wenn man Gott alles gibt! Daran gibt es keinen Zweifel. Sei dabei!  <\/span><\/p>\t\t\t\t<\/div>\n\t\t\t\t<\/div>\n\t\t\t\t<div class=\"elementor-element elementor-element-9b38b30 elementor-widget elementor-widget-spacer\" data-id=\"9b38b30\" data-element_type=\"widget\" data-widget_type=\"spacer.default\">\n\t\t\t\t<div class=\"elementor-widget-container\">\n\t\t\t\t\t\t\t<div class=\"elementor-spacer\">\n\t\t\t<div class=\"elementor-spacer-inner\"><\/div>\n\t\t<\/div>\n\t\t\t\t\t\t<\/div>\n\t\t\t\t<\/div>\n\t\t\t\t\t<\/div>\n\t\t<\/div>\n\t\t\t\t\t<\/div>\n\t\t<\/section>\n\t\t\t\t<\/div>","protected":false},"excerpt":{"rendered":"<p>Testimonies See what friends and alumni of Rejoice \u2013 Emmanuel School of Mission have to say about our program. Maria, Rejoice -ESM Alumni (Germany) I decided to do Rejoice to build my relationship with God. During this year, the compassion mission was a special experience for me. For ten days, I joined the sisters of [&hellip;]<\/p>","protected":false},"author":4,"featured_media":0,"parent":0,"menu_order":0,"comment_status":"closed","ping_status":"closed","template":"","meta":{"footnotes":""},"class_list":["post-75813","page","type-page","status-publish","hentry"],"_links":{"self":[{"href":"https:\/\/www.rejoice.cyou\/de\/wp-json\/wp\/v2\/pages\/75813","targetHints":{"allow":["GET"]}}],"collection":[{"href":"https:\/\/www.rejoice.cyou\/de\/wp-json\/wp\/v2\/pages"}],"about":[{"href":"https:\/\/www.rejoice.cyou\/de\/wp-json\/wp\/v2\/types\/page"}],"author":[{"embeddable":true,"href":"https:\/\/www.rejoice.cyou\/de\/wp-json\/wp\/v2\/users\/4"}],"replies":[{"embeddable":true,"href":"https:\/\/www.rejoice.cyou\/de\/wp-json\/wp\/v2\/comments?post=75813"}],"version-history":[{"count":49,"href":"https:\/\/www.rejoice.cyou\/de\/wp-json\/wp\/v2\/pages\/75813\/revisions"}],"predecessor-version":[{"id":76335,"href":"https:\/\/www.rejoice.cyou\/de\/wp-json\/wp\/v2\/pages\/75813\/revisions\/76335"}],"wp:attachment":[{"href":"https:\/\/www.rejoice.cyou\/de\/wp-json\/wp\/v2\/media?parent=75813"}],"curies":[{"name":"wp","href":"https:\/\/api.w.org\/{rel}","templated":true}]}}